{"id":2,"date":"2022-09-11T10:56:37","date_gmt":"2022-09-11T13:56:37","guid":{"rendered":"https:\/\/opequenofugitivo.com.br\/?page_id=2"},"modified":"2023-03-09T22:45:25","modified_gmt":"2023-03-10T01:45:25","slug":"pagina-exemplo","status":"publish","type":"page","link":"https:\/\/opequenofugitivo.com.br\/index.php\/pagina-exemplo\/","title":{"rendered":"Sobre o autor"},"content":{"rendered":"\n<p class=\"has-text-align-left\">Pedro Henrique Gomes \u00e9 jornalista e cr\u00edtico de cinema. Membro da Associa\u00e7\u00e3o de Cr\u00edticos de Cinema do Rio Grande do Sul e um dos editores do fanzine de cinema e cr\u00edtica Zinemat\u00f3grafo. Colaborou para diversos ve\u00edculos, revistas e publica\u00e7\u00f5es eletr\u00f4nicas e impressas como a Revista Teorema, Revista Janela, Jornal Zero Hora, Cat\u00e1logo da Mostra Nouvelle Tcheca (CCBB, 2013). Tem textos publicados nos livros Cinemas Africanos contempor\u00e2neos \u2013 abordagens cr\u00edticas (SESC, 2021) e 50 Olhares da Cr\u00edtica sobre o Cinema Ga\u00facho (ACCIRS, 2022). Pesquisa as cinematografias dos pa\u00edses africanos.<\/p>\n\n\n\n<figure class=\"wp-block-image size-large\"><img loading=\"lazy\" decoding=\"async\" width=\"1024\" height=\"576\" src=\"https:\/\/opequenofugitivo.com.br\/wp-content\/uploads\/2022\/09\/soleilo_web1-1024x576.jpg\" alt=\"\" class=\"wp-image-47\" srcset=\"https:\/\/opequenofugitivo.com.br\/wp-content\/uploads\/2022\/09\/soleilo_web1-1024x576.jpg 1024w, https:\/\/opequenofugitivo.com.br\/wp-content\/uploads\/2022\/09\/soleilo_web1-300x169.jpg 300w, https:\/\/opequenofugitivo.com.br\/wp-content\/uploads\/2022\/09\/soleilo_web1-768x432.jpg 768w, https:\/\/opequenofugitivo.com.br\/wp-content\/uploads\/2022\/09\/soleilo_web1-1536x864.jpg 1536w, https:\/\/opequenofugitivo.com.br\/wp-content\/uploads\/2022\/09\/soleilo_web1.jpg 1920w\" sizes=\"auto, (max-width: 1024px) 100vw, 1024px\" \/><figcaption class=\"wp-element-caption\"><em>Frame do filme Solei O, de Med Hondo (Maurit\u00e2nia, 1968)<\/em><\/figcaption><\/figure>\n","protected":false},"excerpt":{"rendered":"<p>Pedro Henrique Gomes \u00e9 jornalista e cr\u00edtico de cinema. Membro da Associa\u00e7\u00e3o de Cr\u00edticos de Cinema do Rio Grande do Sul e um dos editores do fanzine de cinema e cr\u00edtica Zinemat\u00f3grafo. Colaborou para diversos ve\u00edculos, revistas e publica\u00e7\u00f5es eletr\u00f4nicas e impressas como a Revista Teorema, Revista Janela, Jornal Zero Hora, Cat\u00e1logo da Mostra Nouvelle [&hellip;]<\/p>\n","protected":false},"author":1,"featured_media":0,"parent":0,"menu_order":0,"comment_status":"closed","ping_status":"open","template":"","meta":{"footnotes":""},"class_list":["post-2","page","type-page","status-publish","hentry"],"yoast_head":"<!-- This site is optimized with the Yoast SEO plugin v24.9 - https:\/\/yoast.com\/wordpress\/plugins\/seo\/ -->\n<title>Sobre o autor - O Pequeno Fugitivo<\/title>\n<meta name=\"robots\" content=\"index, follow, max-snippet:-1, max-image-preview:large, max-video-preview:-1\" \/>\n<link rel=\"canonical\" href=\"https:\/\/opequenofugitivo.com.br\/index.php\/pagina-exemplo\/\" \/>\n<meta property=\"og:locale\" content=\"pt_BR\" \/>\n<meta property=\"og:type\" content=\"article\" \/>\n<meta property=\"og:title\" content=\"Sobre o autor - O Pequeno Fugitivo\" \/>\n<meta property=\"og:description\" content=\"Pedro Henrique Gomes \u00e9 jornalista e cr\u00edtico de cinema. Membro da Associa\u00e7\u00e3o de Cr\u00edticos de Cinema do Rio Grande do Sul e um dos editores do fanzine de cinema e cr\u00edtica Zinemat\u00f3grafo. Colaborou para diversos ve\u00edculos, revistas e publica\u00e7\u00f5es eletr\u00f4nicas e impressas como a Revista Teorema, Revista Janela, Jornal Zero Hora, Cat\u00e1logo da Mostra Nouvelle [&hellip;]\" \/>\n<meta property=\"og:url\" content=\"https:\/\/opequenofugitivo.com.br\/index.php\/pagina-exemplo\/\" \/>\n<meta property=\"og:site_name\" content=\"O Pequeno Fugitivo\" \/>\n<meta property=\"article:modified_time\" content=\"2023-03-10T01:45:25+00:00\" \/>\n<meta property=\"og:image\" content=\"https:\/\/opequenofugitivo.com.br\/wp-content\/uploads\/2022\/09\/soleilo_web1-1024x576.jpg\" \/>\n<meta name=\"twitter:card\" content=\"summary_large_image\" \/>\n<meta name=\"twitter:label1\" content=\"Est. tempo de leitura\" \/>\n\t<meta name=\"twitter:data1\" content=\"1 minuto\" \/>\n<script type=\"application\/ld+json\" class=\"yoast-schema-graph\">{\"@context\":\"https:\/\/schema.org\",\"@graph\":[{\"@type\":\"WebPage\",\"@id\":\"https:\/\/opequenofugitivo.com.br\/index.php\/pagina-exemplo\/\",\"url\":\"https:\/\/opequenofugitivo.com.br\/index.php\/pagina-exemplo\/\",\"name\":\"Sobre o autor - O Pequeno Fugitivo\",\"isPartOf\":{\"@id\":\"https:\/\/opequenofugitivo.com.br\/#website\"},\"primaryImageOfPage\":{\"@id\":\"https:\/\/opequenofugitivo.com.br\/index.php\/pagina-exemplo\/#primaryimage\"},\"image\":{\"@id\":\"https:\/\/opequenofugitivo.com.br\/index.php\/pagina-exemplo\/#primaryimage\"},\"thumbnailUrl\":\"https:\/\/opequenofugitivo.com.br\/wp-content\/uploads\/2022\/09\/soleilo_web1-1024x576.jpg\",\"datePublished\":\"2022-09-11T13:56:37+00:00\",\"dateModified\":\"2023-03-10T01:45:25+00:00\",\"breadcrumb\":{\"@id\":\"https:\/\/opequenofugitivo.com.br\/index.php\/pagina-exemplo\/#breadcrumb\"},\"inLanguage\":\"pt-BR\",\"potentialAction\":[{\"@type\":\"ReadAction\",\"target\":[\"https:\/\/opequenofugitivo.com.br\/index.php\/pagina-exemplo\/\"]}]},{\"@type\":\"ImageObject\",\"inLanguage\":\"pt-BR\",\"@id\":\"https:\/\/opequenofugitivo.com.br\/index.php\/pagina-exemplo\/#primaryimage\",\"url\":\"https:\/\/opequenofugitivo.com.br\/wp-content\/uploads\/2022\/09\/soleilo_web1.jpg\",\"contentUrl\":\"https:\/\/opequenofugitivo.com.br\/wp-content\/uploads\/2022\/09\/soleilo_web1.jpg\",\"width\":1920,\"height\":1080},{\"@type\":\"BreadcrumbList\",\"@id\":\"https:\/\/opequenofugitivo.com.br\/index.php\/pagina-exemplo\/#breadcrumb\",\"itemListElement\":[{\"@type\":\"ListItem\",\"position\":1,\"name\":\"In\u00edcio\",\"item\":\"https:\/\/opequenofugitivo.com.br\/\"},{\"@type\":\"ListItem\",\"position\":2,\"name\":\"Sobre o autor\"}]},{\"@type\":\"WebSite\",\"@id\":\"https:\/\/opequenofugitivo.com.br\/#website\",\"url\":\"https:\/\/opequenofugitivo.com.br\/\",\"name\":\"O Pequeno Fugitivo\",\"description\":\"Cinema e cr\u00edtica.\",\"potentialAction\":[{\"@type\":\"SearchAction\",\"target\":{\"@type\":\"EntryPoint\",\"urlTemplate\":\"https:\/\/opequenofugitivo.com.br\/?s={search_term_string}\"},\"query-input\":{\"@type\":\"PropertyValueSpecification\",\"valueRequired\":true,\"valueName\":\"search_term_string\"}}],\"inLanguage\":\"pt-BR\"}]}<\/script>\n<!-- \/ Yoast SEO plugin. -->","yoast_head_json":{"title":"Sobre o autor - O Pequeno Fugitivo","robots":{"index":"index","follow":"follow","max-snippet":"max-snippet:-1","max-image-preview":"max-image-preview:large","max-video-preview":"max-video-preview:-1"},"canonical":"https:\/\/opequenofugitivo.com.br\/index.php\/pagina-exemplo\/","og_locale":"pt_BR","og_type":"article","og_title":"Sobre o autor - O Pequeno Fugitivo","og_description":"Pedro Henrique Gomes \u00e9 jornalista e cr\u00edtico de cinema. Membro da Associa\u00e7\u00e3o de Cr\u00edticos de Cinema do Rio Grande do Sul e um dos editores do fanzine de cinema e cr\u00edtica Zinemat\u00f3grafo. Colaborou para diversos ve\u00edculos, revistas e publica\u00e7\u00f5es eletr\u00f4nicas e impressas como a Revista Teorema, Revista Janela, Jornal Zero Hora, Cat\u00e1logo da Mostra Nouvelle [&hellip;]","og_url":"https:\/\/opequenofugitivo.com.br\/index.php\/pagina-exemplo\/","og_site_name":"O Pequeno Fugitivo","article_modified_time":"2023-03-10T01:45:25+00:00","og_image":[{"url":"https:\/\/opequenofugitivo.com.br\/wp-content\/uploads\/2022\/09\/soleilo_web1-1024x576.jpg","type":"","width":"","height":""}],"twitter_card":"summary_large_image","twitter_misc":{"Est. tempo de leitura":"1 minuto"},"schema":{"@context":"https:\/\/schema.org","@graph":[{"@type":"WebPage","@id":"https:\/\/opequenofugitivo.com.br\/index.php\/pagina-exemplo\/","url":"https:\/\/opequenofugitivo.com.br\/index.php\/pagina-exemplo\/","name":"Sobre o autor - O Pequeno Fugitivo","isPartOf":{"@id":"https:\/\/opequenofugitivo.com.br\/#website"},"primaryImageOfPage":{"@id":"https:\/\/opequenofugitivo.com.br\/index.php\/pagina-exemplo\/#primaryimage"},"image":{"@id":"https:\/\/opequenofugitivo.com.br\/index.php\/pagina-exemplo\/#primaryimage"},"thumbnailUrl":"https:\/\/opequenofugitivo.com.br\/wp-content\/uploads\/2022\/09\/soleilo_web1-1024x576.jpg","datePublished":"2022-09-11T13:56:37+00:00","dateModified":"2023-03-10T01:45:25+00:00","breadcrumb":{"@id":"https:\/\/opequenofugitivo.com.br\/index.php\/pagina-exemplo\/#breadcrumb"},"inLanguage":"pt-BR","potentialAction":[{"@type":"ReadAction","target":["https:\/\/opequenofugitivo.com.br\/index.php\/pagina-exemplo\/"]}]},{"@type":"ImageObject","inLanguage":"pt-BR","@id":"https:\/\/opequenofugitivo.com.br\/index.php\/pagina-exemplo\/#primaryimage","url":"https:\/\/opequenofugitivo.com.br\/wp-content\/uploads\/2022\/09\/soleilo_web1.jpg","contentUrl":"https:\/\/opequenofugitivo.com.br\/wp-content\/uploads\/2022\/09\/soleilo_web1.jpg","width":1920,"height":1080},{"@type":"BreadcrumbList","@id":"https:\/\/opequenofugitivo.com.br\/index.php\/pagina-exemplo\/#breadcrumb","itemListElement":[{"@type":"ListItem","position":1,"name":"In\u00edcio","item":"https:\/\/opequenofugitivo.com.br\/"},{"@type":"ListItem","position":2,"name":"Sobre o autor"}]},{"@type":"WebSite","@id":"https:\/\/opequenofugitivo.com.br\/#website","url":"https:\/\/opequenofugitivo.com.br\/","name":"O Pequeno Fugitivo","description":"Cinema e cr\u00edtica.","potentialAction":[{"@type":"SearchAction","target":{"@type":"EntryPoint","urlTemplate":"https:\/\/opequenofugitivo.com.br\/?s={search_term_string}"},"query-input":{"@type":"PropertyValueSpecification","valueRequired":true,"valueName":"search_term_string"}}],"inLanguage":"pt-BR"}]}},"_links":{"self":[{"href":"https:\/\/opequenofugitivo.com.br\/index.php\/wp-json\/wp\/v2\/pages\/2","targetHints":{"allow":["GET"]}}],"collection":[{"href":"https:\/\/opequenofugitivo.com.br\/index.php\/wp-json\/wp\/v2\/pages"}],"about":[{"href":"https:\/\/opequenofugitivo.com.br\/index.php\/wp-json\/wp\/v2\/types\/page"}],"author":[{"embeddable":true,"href":"https:\/\/opequenofugitivo.com.br\/index.php\/wp-json\/wp\/v2\/users\/1"}],"replies":[{"embeddable":true,"href":"https:\/\/opequenofugitivo.com.br\/index.php\/wp-json\/wp\/v2\/comments?post=2"}],"version-history":[{"count":6,"href":"https:\/\/opequenofugitivo.com.br\/index.php\/wp-json\/wp\/v2\/pages\/2\/revisions"}],"predecessor-version":[{"id":123,"href":"https:\/\/opequenofugitivo.com.br\/index.php\/wp-json\/wp\/v2\/pages\/2\/revisions\/123"}],"wp:attachment":[{"href":"https:\/\/opequenofugitivo.com.br\/index.php\/wp-json\/wp\/v2\/media?parent=2"}],"curies":[{"name":"wp","href":"https:\/\/api.w.org\/{rel}","templated":true}]}}